{"id":492,"date":"2020-10-08T23:09:38","date_gmt":"2020-10-08T21:09:38","guid":{"rendered":"http:\/\/laurenceretourne.fr\/?page_id=492"},"modified":"2020-10-19T08:03:09","modified_gmt":"2020-10-19T06:03:09","slug":"articles","status":"publish","type":"page","link":"https:\/\/laurenceretourne.fr\/?page_id=492","title":{"rendered":"Articles"},"content":{"rendered":"\t\t<div data-elementor-type=\"wp-page\" data-elementor-id=\"492\" class=\"elementor elementor-492\" data-elementor-settings=\"[]\">\n\t\t\t\t\t\t<div class=\"elementor-inner\">\n\t\t\t\t\t\t\t<div class=\"elementor-section-wrap\">\n\t\t\t\t\t\t\t<section class=\"elementor-section elementor-top-section elementor-element elementor-element-8f1930b elementor-section-boxed elementor-section-height-default elementor-section-height-default\" data-id=\"8f1930b\" data-element_type=\"section\">\n\t\t\t\t\t\t<div class=\"elementor-container elementor-column-gap-default\">\n\t\t\t\t\t\t\t<div class=\"elementor-row\">\n\t\t\t\t\t<div class=\"elementor-column elementor-col-100 elementor-top-column elementor-element elementor-element-a2865b9\" data-id=\"a2865b9\" data-element_type=\"column\">\n\t\t\t<div class=\"elementor-column-wrap elementor-element-populated\">\n\t\t\t\t\t\t\t<div class=\"elementor-widget-wrap\">\n\t\t\t\t\t\t<div class=\"elementor-element elementor-element-c69e095 elementor-widget elementor-widget-heading\" data-id=\"c69e095\" data-element_type=\"widget\" data-widget_type=\"heading.default\">\n\t\t\t\t<div class=\"elementor-widget-container\">\n\t\t\t<h1 class=\"elementor-heading-title elementor-size-xxl\">ARTICLES<\/h1>\t\t<\/div>\n\t\t\t\t<\/div>\n\t\t\t\t<div class=\"elementor-element elementor-element-0339f36 elementor-widget-divider--view-line elementor-widget elementor-widget-divider\" data-id=\"0339f36\" data-element_type=\"widget\" data-widget_type=\"divider.default\">\n\t\t\t\t<div class=\"elementor-widget-container\">\n\t\t\t\t\t<div class=\"elementor-divider\">\n\t\t\t<span class=\"elementor-divider-separator\">\n\t\t\t\t\t\t<\/span>\n\t\t<\/div>\n\t\t\t\t<\/div>\n\t\t\t\t<\/div>\n\t\t\t\t<div class=\"elementor-element elementor-element-5368155 elementor-grid-2 elementor-grid-mobile-2 elementor-grid-tablet-2 elementor-posts--thumbnail-top elementor-widget elementor-widget-posts\" data-id=\"5368155\" data-element_type=\"widget\" data-settings=\"{&quot;classic_columns&quot;:&quot;2&quot;,&quot;classic_columns_mobile&quot;:&quot;2&quot;,&quot;classic_masonry&quot;:&quot;yes&quot;,&quot;classic_columns_tablet&quot;:&quot;2&quot;,&quot;classic_row_gap&quot;:{&quot;unit&quot;:&quot;px&quot;,&quot;size&quot;:35,&quot;sizes&quot;:[]}}\" data-widget_type=\"posts.classic\">\n\t\t\t\t<div class=\"elementor-widget-container\">\n\t\t\t\t\t<div class=\"elementor-posts-container elementor-posts elementor-posts--skin-classic elementor-grid\">\n\t\t\t\t<article class=\"elementor-post elementor-grid-item post-578 post type-post status-publish format-standard has-post-thumbnail hentry category-non-classe entry has-media\">\n\t\t\t\t<a class=\"elementor-post__thumbnail__link\" href=\"https:\/\/laurenceretourne.fr\/?p=578\" >\n\t\t\t<div class=\"elementor-post__thumbnail\"><img loading=\"lazy\" decoding=\"async\" width=\"300\" height=\"199\" src=\"https:\/\/laurenceretourne.fr\/wp-content\/uploads\/2020\/12\/TT96-tombe-aux-vignes--300x199.png\" class=\"attachment-medium size-medium\" alt=\"TT96 Tombe aux Vignes de Sennefer directeur de Th\u00e8bes sous Amenhotep 2\" srcset=\"https:\/\/laurenceretourne.fr\/wp-content\/uploads\/2020\/12\/TT96-tombe-aux-vignes--300x199.png 300w, https:\/\/laurenceretourne.fr\/wp-content\/uploads\/2020\/12\/TT96-tombe-aux-vignes--768x509.png 768w, https:\/\/laurenceretourne.fr\/wp-content\/uploads\/2020\/12\/TT96-tombe-aux-vignes-.png 1000w\" sizes=\"(max-width: 300px) 100vw, 300px\" \/><\/div>\n\t\t<\/a>\n\t\t\t\t<div class=\"elementor-post__text\">\n\t\t\t\t<h3 class=\"elementor-post__title\">\n\t\t\t<a href=\"https:\/\/laurenceretourne.fr\/?p=578\" >\n\t\t\t\tD\u00e9couverte du berceau de la royaut\u00e9 \u00e9gyptienne sur site\t\t\t<\/a>\n\t\t<\/h3>\n\t\t\t\t<div class=\"elementor-post__meta-data\">\n\t\t\t\t\t<span class=\"elementor-post-author\">\n\t\t\tLaurence Retourn\u00e9\t\t<\/span>\n\t\t\t\t<span class=\"elementor-post-date\">\n\t\t\t3 d\u00e9cembre 2020\t\t<\/span>\n\t\t\t\t<\/div>\n\t\t\t\t<div class=\"elementor-post__excerpt\">\n\t\t\t<p>Mes \u00e9tudiants en \u00e9gyptologie de l&rsquo;Universit\u00e9 Permanente de Nantes avaient \u00e9mis l&rsquo;envie d&rsquo;aller plus loin que les cours : se rendre sur place pour d\u00e9couvrir la r\u00e9alit\u00e9 de ces magnifiques t\u00e9moignages d&rsquo;un pass\u00e9 si lointain. Le Premier voyage organis\u00e9 par Perou Nefer a \u00e9t\u00e9 consacr\u00e9 \u00e0 la d\u00e9couverte de sites<\/p>\n\t\t<\/div>\n\t\t\t\t\t<a class=\"elementor-post__read-more\" href=\"https:\/\/laurenceretourne.fr\/?p=578\" >\n\t\t\t\tLire la suite \u00bb\t\t\t<\/a>\n\t\t\t\t<\/div>\n\t\t\t\t<\/article>\n\t\t\t\t<article class=\"elementor-post elementor-grid-item post-384 post type-post status-publish format-standard has-post-thumbnail hentry category-non-classe entry has-media\">\n\t\t\t\t<a class=\"elementor-post__thumbnail__link\" href=\"https:\/\/laurenceretourne.fr\/?p=384\" >\n\t\t\t<div class=\"elementor-post__thumbnail\"><img loading=\"lazy\" decoding=\"async\" width=\"300\" height=\"219\" src=\"https:\/\/laurenceretourne.fr\/wp-content\/uploads\/2020\/09\/Toutankha-300x219.png\" class=\"attachment-medium size-medium\" alt=\"\" srcset=\"https:\/\/laurenceretourne.fr\/wp-content\/uploads\/2020\/09\/Toutankha-300x219.png 300w, https:\/\/laurenceretourne.fr\/wp-content\/uploads\/2020\/09\/Toutankha-1024x747.png 1024w, https:\/\/laurenceretourne.fr\/wp-content\/uploads\/2020\/09\/Toutankha-768x560.png 768w, https:\/\/laurenceretourne.fr\/wp-content\/uploads\/2020\/09\/Toutankha.png 1037w\" sizes=\"(max-width: 300px) 100vw, 300px\" \/><\/div>\n\t\t<\/a>\n\t\t\t\t<div class=\"elementor-post__text\">\n\t\t\t\t<h3 class=\"elementor-post__title\">\n\t\t\t<a href=\"https:\/\/laurenceretourne.fr\/?p=384\" >\n\t\t\t\tTOUT\u00c2NKHAMON, SA DERNI\u00c8RE SORTIE AU JOUR\t\t\t<\/a>\n\t\t<\/h3>\n\t\t\t\t<div class=\"elementor-post__meta-data\">\n\t\t\t\t\t<span class=\"elementor-post-author\">\n\t\t\tLaurence Retourn\u00e9\t\t<\/span>\n\t\t\t\t<span class=\"elementor-post-date\">\n\t\t\t18 septembre 2020\t\t<\/span>\n\t\t\t\t<\/div>\n\t\t\t\t<div class=\"elementor-post__excerpt\">\n\t\t\t<p>L\u2019exposition de la Grande Halle \u00e0 La Villette jette les derniers feux sur un Tout\u00e2nkhamon qui retrouvera le repos en 2022 dans le Grand Egyptian Museum, le fameux GEM de Giza tant attendu. Tarek Tawfik, le commissaire de l\u2019exposition, vous propose 150 objets, dont une soixantaine n\u2019avait encore jamais quitt\u00e9<\/p>\n\t\t<\/div>\n\t\t\t\t\t<a class=\"elementor-post__read-more\" href=\"https:\/\/laurenceretourne.fr\/?p=384\" >\n\t\t\t\tLire la suite \u00bb\t\t\t<\/a>\n\t\t\t\t<\/div>\n\t\t\t\t<\/article>\n\t\t\t\t<article class=\"elementor-post elementor-grid-item post-243 post type-post status-publish format-standard has-post-thumbnail hentry category-non-classe entry has-media\">\n\t\t\t\t<a class=\"elementor-post__thumbnail__link\" href=\"https:\/\/laurenceretourne.fr\/?p=243\" >\n\t\t\t<div class=\"elementor-post__thumbnail\"><img loading=\"lazy\" decoding=\"async\" width=\"232\" height=\"300\" src=\"https:\/\/laurenceretourne.fr\/wp-content\/uploads\/2020\/09\/29-232x300.jpg\" class=\"attachment-medium size-medium\" alt=\"\" srcset=\"https:\/\/laurenceretourne.fr\/wp-content\/uploads\/2020\/09\/29-232x300.jpg 232w, https:\/\/laurenceretourne.fr\/wp-content\/uploads\/2020\/09\/29.jpg 600w\" sizes=\"(max-width: 232px) 100vw, 232px\" \/><\/div>\n\t\t<\/a>\n\t\t\t\t<div class=\"elementor-post__text\">\n\t\t\t\t<h3 class=\"elementor-post__title\">\n\t\t\t<a href=\"https:\/\/laurenceretourne.fr\/?p=243\" >\n\t\t\t\tL&rsquo;\u00c9gypte Ancienne &#8211; Cahiers ludiques et savants (\u00e9d. Eyrolles, 2011)\t\t\t<\/a>\n\t\t<\/h3>\n\t\t\t\t<div class=\"elementor-post__meta-data\">\n\t\t\t\t\t<span class=\"elementor-post-author\">\n\t\t\tLaurence Retourn\u00e9\t\t<\/span>\n\t\t\t\t<span class=\"elementor-post-date\">\n\t\t\t16 septembre 2020\t\t<\/span>\n\t\t\t\t<\/div>\n\t\t\t\t<div class=\"elementor-post__excerpt\">\n\t\t\t<p>L&rsquo;\u00c9gypte Ancienne est un univers lointain, \u00e9nigmatique, &#8230; s\u00e9duisant, attirant, mais aussi complexe et&nbsp;sophistiqu\u00e9. Difficile de l&rsquo;appr\u00e9hender sans un soutien. Pourquoi ne pas ne tenter une approche ludique, alliant le s\u00e9rieux des connaissances et le sourire. &nbsp; Cet&nbsp;ouvrage&nbsp;vous plonge dans l&rsquo;histoire de l&rsquo;\u00c9gypte Ancienne, des origines aux Gr\u00e9co-romains, tout&nbsp;en s&rsquo;amusant.<\/p>\n\t\t<\/div>\n\t\t\t\t\t<a class=\"elementor-post__read-more\" href=\"https:\/\/laurenceretourne.fr\/?p=243\" >\n\t\t\t\tLire la suite \u00bb\t\t\t<\/a>\n\t\t\t\t<\/div>\n\t\t\t\t<\/article>\n\t\t\t\t<article class=\"elementor-post elementor-grid-item post-241 post type-post status-publish format-standard has-post-thumbnail hentry category-non-classe entry has-media\">\n\t\t\t\t<a class=\"elementor-post__thumbnail__link\" href=\"https:\/\/laurenceretourne.fr\/?p=241\" >\n\t\t\t<div class=\"elementor-post__thumbnail\"><img loading=\"lazy\" decoding=\"async\" width=\"157\" height=\"300\" src=\"https:\/\/laurenceretourne.fr\/wp-content\/uploads\/2020\/09\/28-157x300.png\" class=\"attachment-medium size-medium\" alt=\"\" srcset=\"https:\/\/laurenceretourne.fr\/wp-content\/uploads\/2020\/09\/28-157x300.png 157w, https:\/\/laurenceretourne.fr\/wp-content\/uploads\/2020\/09\/28.png 392w\" sizes=\"(max-width: 157px) 100vw, 157px\" \/><\/div>\n\t\t<\/a>\n\t\t\t\t<div class=\"elementor-post__text\">\n\t\t\t\t<h3 class=\"elementor-post__title\">\n\t\t\t<a href=\"https:\/\/laurenceretourne.fr\/?p=241\" >\n\t\t\t\tBient\u00f4t, l&rsquo;exposition au Palais des Beaux Arts de Lille \u00ab\u00a0S\u00e9sostris III pharaon de l\u00e9gende\u00a0\u00bb (10.10.14 &#8211; 25.01.15)\t\t\t<\/a>\n\t\t<\/h3>\n\t\t\t\t<div class=\"elementor-post__meta-data\">\n\t\t\t\t\t<span class=\"elementor-post-author\">\n\t\t\tLaurence Retourn\u00e9\t\t<\/span>\n\t\t\t\t<span class=\"elementor-post-date\">\n\t\t\t16 septembre 2020\t\t<\/span>\n\t\t\t\t<\/div>\n\t\t\t\t<div class=\"elementor-post__excerpt\">\n\t\t\t<p>Le Moyen Empire (vers 2000-1800 av. J.C.) est qualifi\u00e9 d&rsquo;\u00a0\u00bb\u00c2ge d&rsquo;or\u00a0\u00bb de la civilisation \u00e9gyptienne. Apr\u00e8s une douloureuse p\u00e9riode de guerre civile ayant provoqu\u00e9&nbsp;une crise morale autant que politique et sociale, les premiers rois restaurent l&rsquo;unit\u00e9 du pays et l&rsquo;autorit\u00e9 royale. Les rois de la 12e dynastie apportent richesses et<\/p>\n\t\t<\/div>\n\t\t\t\t\t<a class=\"elementor-post__read-more\" href=\"https:\/\/laurenceretourne.fr\/?p=241\" >\n\t\t\t\tLire la suite \u00bb\t\t\t<\/a>\n\t\t\t\t<\/div>\n\t\t\t\t<\/article>\n\t\t\t\t<article class=\"elementor-post elementor-grid-item post-239 post type-post status-publish format-standard has-post-thumbnail hentry category-non-classe entry has-media\">\n\t\t\t\t<a class=\"elementor-post__thumbnail__link\" href=\"https:\/\/laurenceretourne.fr\/?p=239\" >\n\t\t\t<div class=\"elementor-post__thumbnail\"><img loading=\"lazy\" decoding=\"async\" width=\"230\" height=\"300\" src=\"https:\/\/laurenceretourne.fr\/wp-content\/uploads\/2020\/09\/27-230x300.png\" class=\"attachment-medium size-medium\" alt=\"\" srcset=\"https:\/\/laurenceretourne.fr\/wp-content\/uploads\/2020\/09\/27-230x300.png 230w, https:\/\/laurenceretourne.fr\/wp-content\/uploads\/2020\/09\/27.png 548w\" sizes=\"(max-width: 230px) 100vw, 230px\" \/><\/div>\n\t\t<\/a>\n\t\t\t\t<div class=\"elementor-post__text\">\n\t\t\t\t<h3 class=\"elementor-post__title\">\n\t\t\t<a href=\"https:\/\/laurenceretourne.fr\/?p=239\" >\n\t\t\t\t\u00c0 Ath\u00e8nes, 1e volet du \u00ab\u00a0petit s\u00e9minaire Ma\u00e2t\u00a0\u00bb (Aout 2014)\t\t\t<\/a>\n\t\t<\/h3>\n\t\t\t\t<div class=\"elementor-post__meta-data\">\n\t\t\t\t\t<span class=\"elementor-post-author\">\n\t\t\tLaurence Retourn\u00e9\t\t<\/span>\n\t\t\t\t<span class=\"elementor-post-date\">\n\t\t\t16 septembre 2020\t\t<\/span>\n\t\t\t\t<\/div>\n\t\t\t\t<div class=\"elementor-post__excerpt\">\n\t\t\t<p>Voil\u00e0 quelques temps d\u00e9j\u00e0 que la Ma\u00e2t \u00e9gyptienne passionne quelques disciplines diff\u00e9rentes, qu&rsquo;il s&rsquo;agisse de la th\u00e9ologie, de la sociologie, la philosophie, l&rsquo;histoire, &#8230; Chacun \u00e0 notre mani\u00e8re avons voulu interroger cette notion religieuse n\u00e9e en Egypte Ancienne en fonction de notre sp\u00e9cialit\u00e9.&nbsp; Originaire de l&rsquo;une des premi\u00e8res civilisations, il<\/p>\n\t\t<\/div>\n\t\t\t\t\t<a class=\"elementor-post__read-more\" href=\"https:\/\/laurenceretourne.fr\/?p=239\" >\n\t\t\t\tLire la suite \u00bb\t\t\t<\/a>\n\t\t\t\t<\/div>\n\t\t\t\t<\/article>\n\t\t\t\t<article class=\"elementor-post elementor-grid-item post-237 post type-post status-publish format-standard has-post-thumbnail hentry category-non-classe entry has-media\">\n\t\t\t\t<a class=\"elementor-post__thumbnail__link\" href=\"https:\/\/laurenceretourne.fr\/?p=237\" >\n\t\t\t<div class=\"elementor-post__thumbnail\"><img loading=\"lazy\" decoding=\"async\" width=\"300\" height=\"214\" src=\"https:\/\/laurenceretourne.fr\/wp-content\/uploads\/2020\/09\/26-300x214.png\" class=\"attachment-medium size-medium\" alt=\"\" srcset=\"https:\/\/laurenceretourne.fr\/wp-content\/uploads\/2020\/09\/26-300x214.png 300w, https:\/\/laurenceretourne.fr\/wp-content\/uploads\/2020\/09\/26.png 600w\" sizes=\"(max-width: 300px) 100vw, 300px\" \/><\/div>\n\t\t<\/a>\n\t\t\t\t<div class=\"elementor-post__text\">\n\t\t\t\t<h3 class=\"elementor-post__title\">\n\t\t\t<a href=\"https:\/\/laurenceretourne.fr\/?p=237\" >\n\t\t\t\tAu Louvre Lens &#8211; L&rsquo;exposition Des animaux et des pharaons (04.12.14 &#8211; 09.03.15)\t\t\t<\/a>\n\t\t<\/h3>\n\t\t\t\t<div class=\"elementor-post__meta-data\">\n\t\t\t\t\t<span class=\"elementor-post-author\">\n\t\t\tLaurence Retourn\u00e9\t\t<\/span>\n\t\t\t\t<span class=\"elementor-post-date\">\n\t\t\t16 septembre 2020\t\t<\/span>\n\t\t\t\t<\/div>\n\t\t\t\t<div class=\"elementor-post__excerpt\">\n\t\t\t<p>Le Louvre-Lens nous propose une exposition \u00e9gyptologique tr\u00e8s s\u00e9duisante,&nbsp;Des animaux et des pharaons,&nbsp;qui se tiendra du 04 d\u00e9cembre au 09 mars 2015. Elle nous offre plus de 400 oeuvres en provenance du Louvre de Paris. Cette exposition est d&rsquo;autant plus int\u00e9ressante qu&rsquo;une tr\u00e8s grande partie des documents et artefacts \u00e9gyptiens<\/p>\n\t\t<\/div>\n\t\t\t\t\t<a class=\"elementor-post__read-more\" href=\"https:\/\/laurenceretourne.fr\/?p=237\" >\n\t\t\t\tLire la suite \u00bb\t\t\t<\/a>\n\t\t\t\t<\/div>\n\t\t\t\t<\/article>\n\t\t\t\t<\/div>\n\t\t\t\t<nav class=\"elementor-pagination\" role=\"navigation\" aria-label=\"Pagination\">\n\t\t\t<span class=\"page-numbers prev\">&laquo; Pr\u00e9c\u00e9dent<\/span>\n<span aria-current=\"page\" class=\"page-numbers current\"><span class=\"elementor-screen-only\">Page<\/span>1<\/span>\n<a class=\"page-numbers\" href=\"https:\/\/laurenceretourne.fr\/index.php\/?paged=2&#038;rest_route=%2Fwp%2Fv2%2Fpages%2F492\"><span class=\"elementor-screen-only\">Page<\/span>2<\/a>\n<a class=\"page-numbers\" href=\"https:\/\/laurenceretourne.fr\/index.php\/?paged=3&#038;rest_route=%2Fwp%2Fv2%2Fpages%2F492\"><span class=\"elementor-screen-only\">Page<\/span>3<\/a>\n<a class=\"page-numbers\" href=\"https:\/\/laurenceretourne.fr\/index.php\/?paged=4&#038;rest_route=%2Fwp%2Fv2%2Fpages%2F492\"><span class=\"elementor-screen-only\">Page<\/span>4<\/a>\n<a class=\"page-numbers\" href=\"https:\/\/laurenceretourne.fr\/index.php\/?paged=5&#038;rest_route=%2Fwp%2Fv2%2Fpages%2F492\"><span class=\"elementor-screen-only\">Page<\/span>5<\/a>\n<a class=\"page-numbers\" href=\"https:\/\/laurenceretourne.fr\/index.php\/?paged=6&#038;rest_route=%2Fwp%2Fv2%2Fpages%2F492\"><span class=\"elementor-screen-only\">Page<\/span>6<\/a>\n<a class=\"page-numbers next\" href=\"https:\/\/laurenceretourne.fr\/index.php?rest_route=%2Fwp%2Fv2%2Fpages%2F492&#038;paged=2\">Suivant &raquo;<\/a>\t\t<\/nav>\n\t\t\t\t<\/div>\n\t\t\t\t<\/div>\n\t\t\t\t\t\t<\/div>\n\t\t\t\t\t<\/div>\n\t\t<\/div>\n\t\t\t\t\t\t\t\t<\/div>\n\t\t\t\t\t<\/div>\n\t\t<\/section>\n\t\t\t\t\t\t<\/div>\n\t\t\t\t\t\t<\/div>\n\t\t\t\t\t<\/div>\n\t\t","protected":false},"excerpt":{"rendered":"<p>ARTICLES<\/p>\n","protected":false},"author":1,"featured_media":0,"parent":0,"menu_order":0,"comment_status":"closed","ping_status":"closed","template":"elementor_header_footer","meta":{"spay_email":"","footnotes":""},"class_list":["post-492","page","type-page","status-publish","hentry","entry","has-media"],"yoast_head":"<!-- This site is optimized with the Yoast SEO plugin v17.0 - https:\/\/yoast.com\/wordpress\/plugins\/seo\/ -->\n<title>Articles - Laurence Retourn\u00e9<\/title>\n<meta name=\"robots\" content=\"index, follow, max-snippet:-1, max-image-preview:large, max-video-preview:-1\" \/>\n<link rel=\"canonical\" href=\"https:\/\/laurenceretourne.fr\/?page_id=492\" \/>\n<meta property=\"og:locale\" content=\"fr_FR\" \/>\n<meta property=\"og:type\" content=\"article\" \/>\n<meta property=\"og:title\" content=\"Articles - Laurence Retourn\u00e9\" \/>\n<meta property=\"og:description\" content=\"ARTICLES\" \/>\n<meta property=\"og:url\" content=\"https:\/\/laurenceretourne.fr\/?page_id=492\" \/>\n<meta property=\"og:site_name\" content=\"Laurence Retourn\u00e9\" \/>\n<meta property=\"article:modified_time\" content=\"2020-10-19T06:03:09+00:00\" \/>\n<meta name=\"twitter:card\" content=\"summary_large_image\" \/>\n<script type=\"application\/ld+json\" class=\"yoast-schema-graph\">{\"@context\":\"https:\/\/schema.org\",\"@graph\":[{\"@type\":\"WebSite\",\"@id\":\"https:\/\/laurenceretourne.fr\/#website\",\"url\":\"https:\/\/laurenceretourne.fr\/\",\"name\":\"Laurence Retourn\\u00e9\",\"description\":\"\",\"potentialAction\":[{\"@type\":\"SearchAction\",\"target\":{\"@type\":\"EntryPoint\",\"urlTemplate\":\"https:\/\/laurenceretourne.fr\/?s={search_term_string}\"},\"query-input\":\"required name=search_term_string\"}],\"inLanguage\":\"fr-FR\"},{\"@type\":\"WebPage\",\"@id\":\"https:\/\/laurenceretourne.fr\/?page_id=492#webpage\",\"url\":\"https:\/\/laurenceretourne.fr\/?page_id=492\",\"name\":\"Articles - Laurence Retourn\\u00e9\",\"isPartOf\":{\"@id\":\"https:\/\/laurenceretourne.fr\/#website\"},\"datePublished\":\"2020-10-08T21:09:38+00:00\",\"dateModified\":\"2020-10-19T06:03:09+00:00\",\"breadcrumb\":{\"@id\":\"https:\/\/laurenceretourne.fr\/?page_id=492#breadcrumb\"},\"inLanguage\":\"fr-FR\",\"potentialAction\":[{\"@type\":\"ReadAction\",\"target\":[\"https:\/\/laurenceretourne.fr\/?page_id=492\"]}]},{\"@type\":\"BreadcrumbList\",\"@id\":\"https:\/\/laurenceretourne.fr\/?page_id=492#breadcrumb\",\"itemListElement\":[{\"@type\":\"ListItem\",\"position\":1,\"name\":\"Accueil\",\"item\":\"https:\/\/laurenceretourne.fr\/\"},{\"@type\":\"ListItem\",\"position\":2,\"name\":\"Articles\"}]}]}<\/script>\n<!-- \/ Yoast SEO plugin. -->","yoast_head_json":{"title":"Articles - Laurence Retourn\u00e9","robots":{"index":"index","follow":"follow","max-snippet":"max-snippet:-1","max-image-preview":"max-image-preview:large","max-video-preview":"max-video-preview:-1"},"canonical":"https:\/\/laurenceretourne.fr\/?page_id=492","og_locale":"fr_FR","og_type":"article","og_title":"Articles - Laurence Retourn\u00e9","og_description":"ARTICLES","og_url":"https:\/\/laurenceretourne.fr\/?page_id=492","og_site_name":"Laurence Retourn\u00e9","article_modified_time":"2020-10-19T06:03:09+00:00","twitter_card":"summary_large_image","schema":{"@context":"https:\/\/schema.org","@graph":[{"@type":"WebSite","@id":"https:\/\/laurenceretourne.fr\/#website","url":"https:\/\/laurenceretourne.fr\/","name":"Laurence Retourn\u00e9","description":"","potentialAction":[{"@type":"SearchAction","target":{"@type":"EntryPoint","urlTemplate":"https:\/\/laurenceretourne.fr\/?s={search_term_string}"},"query-input":"required name=search_term_string"}],"inLanguage":"fr-FR"},{"@type":"WebPage","@id":"https:\/\/laurenceretourne.fr\/?page_id=492#webpage","url":"https:\/\/laurenceretourne.fr\/?page_id=492","name":"Articles - Laurence Retourn\u00e9","isPartOf":{"@id":"https:\/\/laurenceretourne.fr\/#website"},"datePublished":"2020-10-08T21:09:38+00:00","dateModified":"2020-10-19T06:03:09+00:00","breadcrumb":{"@id":"https:\/\/laurenceretourne.fr\/?page_id=492#breadcrumb"},"inLanguage":"fr-FR","potentialAction":[{"@type":"ReadAction","target":["https:\/\/laurenceretourne.fr\/?page_id=492"]}]},{"@type":"BreadcrumbList","@id":"https:\/\/laurenceretourne.fr\/?page_id=492#breadcrumb","itemListElement":[{"@type":"ListItem","position":1,"name":"Accueil","item":"https:\/\/laurenceretourne.fr\/"},{"@type":"ListItem","position":2,"name":"Articles"}]}]}},"_links":{"self":[{"href":"https:\/\/laurenceretourne.fr\/index.php?rest_route=\/wp\/v2\/pages\/492"}],"collection":[{"href":"https:\/\/laurenceretourne.fr\/index.php?rest_route=\/wp\/v2\/pages"}],"about":[{"href":"https:\/\/laurenceretourne.fr\/index.php?rest_route=\/wp\/v2\/types\/page"}],"author":[{"embeddable":true,"href":"https:\/\/laurenceretourne.fr\/index.php?rest_route=\/wp\/v2\/users\/1"}],"replies":[{"embeddable":true,"href":"https:\/\/laurenceretourne.fr\/index.php?rest_route=%2Fwp%2Fv2%2Fcomments&post=492"}],"version-history":[{"count":9,"href":"https:\/\/laurenceretourne.fr\/index.php?rest_route=\/wp\/v2\/pages\/492\/revisions"}],"predecessor-version":[{"id":787,"href":"https:\/\/laurenceretourne.fr\/index.php?rest_route=\/wp\/v2\/pages\/492\/revisions\/787"}],"wp:attachment":[{"href":"https:\/\/laurenceretourne.fr\/index.php?rest_route=%2Fwp%2Fv2%2Fmedia&parent=492"}],"curies":[{"name":"wp","href":"https:\/\/api.w.org\/{rel}","templated":true}]}}